{"id":1589,"date":"2025-03-09T12:14:29","date_gmt":"2025-03-09T11:14:29","guid":{"rendered":"http:\/\/carlito.saintlouismarie.fr\/carlito\/?page_id=1589"},"modified":"2025-06-02T16:36:23","modified_gmt":"2025-06-02T14:36:23","slug":"carlito-artiste-chretien-cantiques-saint-louis-marie-grignion-de-monfort","status":"publish","type":"page","link":"http:\/\/carlito.saintlouismarie.fr\/carlito\/carlito-artiste-chretien-artisan-de-la-beaute-chants-spirituels-cantiques-saint-louis-marie-grignion-de-montfort-autres-auteurs\/carlito-artiste-chretien-cantiques-saint-louis-marie-grignion-de-monfort\/","title":{"rendered":"CANTIQUES"},"content":{"rendered":"<p>[et_pb_section fb_built=\u00a0\u00bb1&Prime; _builder_version=\u00a0\u00bb4.27.4&Prime; _module_preset=\u00a0\u00bbdefault\u00a0\u00bb background_color=\u00a0\u00bbrgba(255,238,209,0.79)\u00a0\u00bb custom_padding=\u00a0\u00bb61px||0px||false|false\u00a0\u00bb global_colors_info=\u00a0\u00bb{}\u00a0\u00bb][et_pb_row make_equal=\u00a0\u00bbon\u00a0\u00bb _builder_version=\u00a0\u00bb4.27.4&Prime; _module_preset=\u00a0\u00bbdefault\u00a0\u00bb background_image=\u00a0\u00bbhttp:\/\/carlito.saintlouismarie.fr\/carlito\/wp-content\/uploads\/2024\/12\/Entete_cantiques_6.png\u00a0\u00bb background_size=\u00a0\u00bbstretch\u00a0\u00bb background_position=\u00a0\u00bbtop_center\u00a0\u00bb width=\u00a0\u00bb93.1%\u00a0\u00bb max_width=\u00a0\u00bb1546px\u00a0\u00bb module_alignment=\u00a0\u00bbcenter\u00a0\u00bb min_height=\u00a0\u00bb663.4px\u00a0\u00bb custom_padding=\u00a0\u00bb0px||0px|||\u00a0\u00bb global_colors_info=\u00a0\u00bb{}\u00a0\u00bb][et_pb_column type=\u00a0\u00bb4_4&Prime; _builder_version=\u00a0\u00bb4.27.4&Prime; _module_preset=\u00a0\u00bbdefault\u00a0\u00bb global_colors_info=\u00a0\u00bb{}\u00a0\u00bb][\/et_pb_column][\/et_pb_row][et_pb_row make_equal=\u00a0\u00bbon\u00a0\u00bb _builder_version=\u00a0\u00bb4.27.4&Prime; _module_preset=\u00a0\u00bbdefault\u00a0\u00bb background_color=\u00a0\u00bbrgba(211,211,211,0.26)\u00a0\u00bb width=\u00a0\u00bb100%\u00a0\u00bb max_width=\u00a0\u00bb1546px\u00a0\u00bb module_alignment=\u00a0\u00bbcenter\u00a0\u00bb min_height=\u00a0\u00bb80.6px\u00a0\u00bb custom_margin=\u00a0\u00bb-12px|auto||auto||\u00a0\u00bb custom_padding=\u00a0\u00bb41px||19px||false|false\u00a0\u00bb global_colors_info=\u00a0\u00bb{}\u00a0\u00bb][et_pb_column type=\u00a0\u00bb4_4&Prime; _builder_version=\u00a0\u00bb4.27.4&Prime; _module_preset=\u00a0\u00bbdefault\u00a0\u00bb global_colors_info=\u00a0\u00bb{}\u00a0\u00bb][et_pb_text _builder_version=\u00a0\u00bb4.27.4&Prime; _module_preset=\u00a0\u00bbdefault\u00a0\u00bb custom_margin=\u00a0\u00bb||-68px|||\u00a0\u00bb custom_padding=\u00a0\u00bb0px||0px|||\u00a0\u00bb global_colors_info=\u00a0\u00bb{}\u00a0\u00bb]<\/p>\n<h2 style=\"text-align: center;\">CANTIQUES DE SAINT LOUIS-MARIE GRIGNION de MONFORT<\/h2>\n<p>[\/et_pb_text][et_pb_text _builder_version=\u00a0\u00bb4.27.4&Prime; _module_preset=\u00a0\u00bbdefault\u00a0\u00bb min_height=\u00a0\u00bb26.8px\u00a0\u00bb custom_margin=\u00a0\u00bb51px||-22px|||\u00a0\u00bb custom_padding=\u00a0\u00bb5px||0px|||\u00a0\u00bb global_colors_info=\u00a0\u00bb{}\u00a0\u00bb]<\/p>\n<p style=\"text-align: center; padding-left: 760px;\"><span style=\"color: #ff0000;\"><strong><em>31 janvier 1673 &#8211; 28 avril 1716<\/em><\/strong><\/span><\/p>\n<p>[\/et_pb_text][\/et_pb_column][\/et_pb_row][et_pb_row _builder_version=\u00a0\u00bb4.27.4&Prime; _module_preset=\u00a0\u00bbdefault\u00a0\u00bb global_colors_info=\u00a0\u00bb{}\u00a0\u00bb][et_pb_column type=\u00a0\u00bb4_4&Prime; _builder_version=\u00a0\u00bb4.27.4&Prime; _module_preset=\u00a0\u00bbdefault\u00a0\u00bb global_colors_info=\u00a0\u00bb{}\u00a0\u00bb][et_pb_text _builder_version=\u00a0\u00bb4.27.4&Prime; _module_preset=\u00a0\u00bbdefault\u00a0\u00bb text_font_size=\u00a0\u00bb20px\u00a0\u00bb text_line_height=\u00a0\u00bb1.3em\u00a0\u00bb global_colors_info=\u00a0\u00bb{}\u00a0\u00bb]<\/p>\n<p style=\"text-align: center;\"><em>Heureuse est l\u2019\u00e2me qui s\u2019abreuve au tr\u00e9sor de ce grand saint, il recevra gr\u00e2ces abondantes ! Pr\u00e9dicateur dans ses chansons,<br \/>\u00e9coutez-le nous dire combien J\u00e9sus nous Aime et combien Marie est pr\u00e9cieuse \u00e0 Son divin c\u0153ur !<br \/>Son esprit et ses mots sont irrigu\u00e9s par l\u2019Esprit-Saint, et par surcroit,<br \/>sa vie et son exemple sont un v\u00e9ritable T\u00e9moignage pour nous,<br \/><\/em><em>une vraie lumi\u00e8re sur notre route !<\/em><\/p>\n<p style=\"text-align: center;\"><strong><em>Gloire au Seigneur pour ce grand Saint !<\/em><\/strong><\/p>\n<p>[\/et_pb_text][\/et_pb_column][\/et_pb_row][et_pb_row column_structure=\u00a0\u00bb1_3,1_3,1_3&Prime; _builder_version=\u00a0\u00bb4.27.4&Prime; _module_preset=\u00a0\u00bbdefault\u00a0\u00bb global_colors_info=\u00a0\u00bb{}\u00a0\u00bb][et_pb_column type=\u00a0\u00bb1_3&Prime; _builder_version=\u00a0\u00bb4.27.4&Prime; _module_preset=\u00a0\u00bbdefault\u00a0\u00bb global_colors_info=\u00a0\u00bb{}\u00a0\u00bb][et_pb_text _builder_version=\u00a0\u00bb4.27.4&Prime; _module_preset=\u00a0\u00bbdefault\u00a0\u00bb text_font=\u00a0\u00bbTimes New Roman|700|||||||\u00a0\u00bb text_text_color=\u00a0\u00bb#0C71C3&Prime; text_font_size=\u00a0\u00bb16px\u00a0\u00bb global_colors_info=\u00a0\u00bb{}\u00a0\u00bb]<\/p>\n<p><em>J\u2019ai mis en musique la totalit\u00e9 de ses cantiques<br \/>que je vais mettre ici petit \u00e0 petit.*<\/em><\/p>\n<p>[\/et_pb_text][\/et_pb_column][et_pb_column type=\u00a0\u00bb1_3&Prime; _builder_version=\u00a0\u00bb4.27.4&Prime; _module_preset=\u00a0\u00bbdefault\u00a0\u00bb global_colors_info=\u00a0\u00bb{}\u00a0\u00bb][\/et_pb_column][et_pb_column type=\u00a0\u00bb1_3&Prime; _builder_version=\u00a0\u00bb4.27.4&Prime; _module_preset=\u00a0\u00bbdefault\u00a0\u00bb global_colors_info=\u00a0\u00bb{}\u00a0\u00bb][et_pb_text _builder_version=\u00a0\u00bb4.27.4&Prime; _module_preset=\u00a0\u00bbdefault\u00a0\u00bb header_3_font=\u00a0\u00bb&#8211;et_global_heading_font|700|||||||\u00a0\u00bb header_3_text_color=\u00a0\u00bb#E02B20&Prime; header_3_font_size=\u00a0\u00bb18px\u00a0\u00bb global_colors_info=\u00a0\u00bb{}\u00a0\u00bb]<\/p>\n<h3><a href=\"..\/..\/..\/..\/intropresentationcantiques\/index.html\"><strong>INTRO et Pr\u00e9sentation<\/strong><\/a><\/h3>\n<p>[\/et_pb_text][\/et_pb_column][\/et_pb_row][\/et_pb_section][et_pb_section fb_built=\u00a0\u00bb1&Prime; _builder_version=\u00a0\u00bb4.27.4&Prime; _module_preset=\u00a0\u00bbdefault\u00a0\u00bb background_color=\u00a0\u00bbrgba(255,255,255,0.54)\u00a0\u00bb custom_padding=\u00a0\u00bb9px||19px|||\u00a0\u00bb global_colors_info=\u00a0\u00bb{}\u00a0\u00bb][et_pb_row use_custom_gutter=\u00a0\u00bbon\u00a0\u00bb make_equal=\u00a0\u00bbon\u00a0\u00bb module_id=\u00a0\u00bbcantiques\u00a0\u00bb _builder_version=\u00a0\u00bb4.27.4&Prime; _module_preset=\u00a0\u00bbdefault\u00a0\u00bb width=\u00a0\u00bb100%\u00a0\u00bb max_width=\u00a0\u00bb1871px\u00a0\u00bb module_alignment=\u00a0\u00bbcenter\u00a0\u00bb min_height=\u00a0\u00bb415.2px\u00a0\u00bb custom_margin=\u00a0\u00bb|auto|-6px|auto||\u00a0\u00bb custom_padding=\u00a0\u00bb20px|20px|20px|20px|true|true\u00a0\u00bb global_colors_info=\u00a0\u00bb{}\u00a0\u00bb gutter_width__hover_enabled=\u00a0\u00bboff|desktop\u00a0\u00bb][et_pb_column type=\u00a0\u00bb4_4&Prime; _builder_version=\u00a0\u00bb4.27.4&Prime; _module_preset=\u00a0\u00bbdefault\u00a0\u00bb global_colors_info=\u00a0\u00bb{}\u00a0\u00bb][et_pb_filterable_portfolio posts_number=\u00a0\u00bb206&Prime; include_categories=\u00a0\u00bb7,16,17,18,19,26&Prime; module_id=\u00a0\u00bbcategories\u00a0\u00bb _builder_version=\u00a0\u00bb4.27.4&Prime; _module_preset=\u00a0\u00bbdefault\u00a0\u00bb hover_enabled=\u00a0\u00bb0&Prime; custom_css_free_form=\u00a0\u00bbselect .clearfix {||  display: flex;||  flex-direction: column;||}||||select .clearfix li:nth-child(1) { order: 1; } \/* %221. Titre 1%22 *\/||select .clearfix li:nth-child(2) { order: 2; } \/* %22Introduction%22 *\/||select .clearfix li:nth-child(3) { order: 3; } \/* Un autre \u00e9l\u00e9ment *\/||||.et_pb_portfolio_items {||  display: flex;||  flex-wrap: wrap; \/* Permet de passer \u00e0 la ligne si n\u00e9cessaire *\/||  gap: 10px; \/* Ajoute un espace entre les \u00e9l\u00e9ments *\/||  width: 100%; \/* Limite la largeur du conteneur *\/||}\u00a0\u00bb global_colors_info=\u00a0\u00bb{}\u00a0\u00bb filter_font_size=\u00a0\u00bb14px\u00a0\u00bb filter_line_height=\u00a0\u00bb1.4em\u00a0\u00bb sticky_enabled=\u00a0\u00bb0&Prime; title_text_align=\u00a0\u00bbleft\u00a0\u00bb title_font_size=\u00a0\u00bb15px\u00a0\u00bb][\/et_pb_filterable_portfolio][\/et_pb_column][\/et_pb_row][\/et_pb_section]<\/p>\n","protected":false},"excerpt":{"rendered":"<p>CANTIQUES DE SAINT LOUIS-MARIE GRIGNION de MONFORT31 janvier 1673 &#8211; 28 avril 1716Heureuse est l\u2019\u00e2me qui s\u2019abreuve au tr\u00e9sor de ce grand saint, il recevra gr\u00e2ces abondantes ! Pr\u00e9dicateur dans ses chansons,\u00e9coutez-le nous dire combien J\u00e9sus nous Aime et combien Marie est pr\u00e9cieuse \u00e0 Son divin c\u0153ur !Son esprit et ses mots sont irrigu\u00e9s par [&hellip;]<\/p>\n","protected":false},"author":1,"featured_media":0,"parent":171,"menu_order":0,"comment_status":"closed","ping_status":"closed","template":"","meta":{"_et_pb_use_builder":"on","_et_pb_old_content":"","_et_gb_content_width":"","slim_seo":{"title":"Cantiques de Saint Louis-Marie","description":"Carlito, artiste chr\u00e9tien a mis en musique les cantiques de Saint Louis-Marie Grignion de MONTFORT"},"footnotes":""},"class_list":["post-1589","page","type-page","status-publish","hentry"],"_links":{"self":[{"href":"http:\/\/carlito.saintlouismarie.fr\/carlito\/wp-json\/wp\/v2\/pages\/1589","targetHints":{"allow":["GET"]}}],"collection":[{"href":"http:\/\/carlito.saintlouismarie.fr\/carlito\/wp-json\/wp\/v2\/pages"}],"about":[{"href":"http:\/\/carlito.saintlouismarie.fr\/carlito\/wp-json\/wp\/v2\/types\/page"}],"author":[{"embeddable":true,"href":"http:\/\/carlito.saintlouismarie.fr\/carlito\/wp-json\/wp\/v2\/users\/1"}],"replies":[{"embeddable":true,"href":"http:\/\/carlito.saintlouismarie.fr\/carlito\/wp-json\/wp\/v2\/comments?post=1589"}],"version-history":[{"count":17,"href":"http:\/\/carlito.saintlouismarie.fr\/carlito\/wp-json\/wp\/v2\/pages\/1589\/revisions"}],"predecessor-version":[{"id":1690,"href":"http:\/\/carlito.saintlouismarie.fr\/carlito\/wp-json\/wp\/v2\/pages\/1589\/revisions\/1690"}],"up":[{"embeddable":true,"href":"http:\/\/carlito.saintlouismarie.fr\/carlito\/wp-json\/wp\/v2\/pages\/171"}],"wp:attachment":[{"href":"http:\/\/carlito.saintlouismarie.fr\/carlito\/wp-json\/wp\/v2\/media?parent=1589"}],"curies":[{"name":"wp","href":"https:\/\/api.w.org\/{rel}","templated":true}]}}