{"id":109,"date":"2024-11-30T15:15:54","date_gmt":"2024-11-30T14:15:54","guid":{"rendered":"http:\/\/carlito.saintlouismarie.fr\/carlito\/?page_id=109"},"modified":"2024-11-30T18:19:21","modified_gmt":"2024-11-30T17:19:21","slug":"blog-association-saint-louis-marie-art-chretien-actualite-eglise-dialogue","status":"publish","type":"page","link":"http:\/\/carlito.saintlouismarie.fr\/carlito\/blog-association-saint-louis-marie-art-chretien-actualite-eglise-dialogue\/","title":{"rendered":"BLOG"},"content":{"rendered":"<p>[et_pb_section fb_built=\u00a0\u00bb1&Prime; _builder_version=\u00a0\u00bb4.27.4&Prime; _module_preset=\u00a0\u00bbdefault\u00a0\u00bb background_color=\u00a0\u00bb#f2f2f2&Prime; global_colors_info=\u00a0\u00bb{}\u00a0\u00bb][et_pb_row column_structure=\u00a0\u00bb1_2,1_2&Prime; make_equal=\u00a0\u00bbon\u00a0\u00bb custom_padding_last_edited=\u00a0\u00bbon|desktop\u00a0\u00bb _builder_version=\u00a0\u00bb4.27.4&Prime; _module_preset=\u00a0\u00bbdefault\u00a0\u00bb background_color=\u00a0\u00bbrgba(224,166,40,0.88)\u00a0\u00bb width=\u00a0\u00bb81%\u00a0\u00bb width_tablet=\u00a0\u00bb81%\u00a0\u00bb width_phone=\u00a0\u00bb81%\u00a0\u00bb width_last_edited=\u00a0\u00bbon|desktop\u00a0\u00bb max_width=\u00a0\u00bb1542px\u00a0\u00bb custom_padding=\u00a0\u00bb3%|3%|3%|3%|true|true\u00a0\u00bb custom_padding_tablet=\u00a0\u00bb3%|3%|3%|3%|true|true\u00a0\u00bb custom_padding_phone=\u00a0\u00bb3%|3%|3%|3%|true|true\u00a0\u00bb border_radii=\u00a0\u00bbon|12px|12px|12px|12px\u00a0\u00bb border_width_all=\u00a0\u00bb7px\u00a0\u00bb border_color_all=\u00a0\u00bb#0c9ace\u00a0\u00bb global_colors_info=\u00a0\u00bb{}\u00a0\u00bb][et_pb_column type=\u00a0\u00bb1_2&Prime; _builder_version=\u00a0\u00bb4.27.4&Prime; _module_preset=\u00a0\u00bbdefault\u00a0\u00bb global_colors_info=\u00a0\u00bb{}\u00a0\u00bb][et_pb_text _builder_version=\u00a0\u00bb4.27.4&Prime; _module_preset=\u00a0\u00bbdefault\u00a0\u00bb global_colors_info=\u00a0\u00bb{}\u00a0\u00bb]<\/p>\n<h2 style=\"text-align: center;\"><strong>onglet BLOG<\/strong><\/h2>\n<p>[\/et_pb_text][et_pb_text _builder_version=\u00a0\u00bb4.27.4&Prime; _module_preset=\u00a0\u00bbdefault\u00a0\u00bb text_text_color=\u00a0\u00bb#FFFFFF\u00a0\u00bb text_font_size=\u00a0\u00bb20px\u00a0\u00bb text_font_size_tablet=\u00a0\u00bb20px\u00a0\u00bb text_font_size_phone=\u00a0\u00bb20px\u00a0\u00bb text_font_size_last_edited=\u00a0\u00bbon|desktop\u00a0\u00bb global_colors_info=\u00a0\u00bb{}\u00a0\u00bb]<\/p>\n<p style=\"text-align: justify;\"><strong>\u00a0\u00a0LE PR\u00c9CURSEUR,\u00a0dans lequel je vous invite \u00e0 dialoguer avec nous. L\u2019Association Saint Louis-Marie, \u00e0 l\u2019image de son saint patron, veut \u00eatre une voix chr\u00e9tienne, libre et d\u00e9fendre la Foi catholique sans faille, envers et contre tous. l\u2019Association veut annoncer, la pl\u00e9nitude de l\u2019\u00c9vangile sans compromis coupable, avec respect, ni crainte quelconque, avec la libert\u00e9 des enfants de Dieu. Dans cette \u00ab confusion ambiante \u00bb, l\u2019Association d\u00e9noncera sans hypocrisie, ni h\u00e9sitations, certaines d\u00e9viations qui \u00e9manent de l\u2019int\u00e9rieure de l\u2019\u00c9glise. Entre autre, j\u2019ouvre un sujet sur le cas de notre bon\u00a0Pape Fran\u00e7ois\u00a0qui cause tant de tracas. Bien s\u00fbr, j\u2019ouvrirais un sujet sur\u00a0<em>\u00ab\u00a0l\u2019Art chr\u00e9tien au service de Dieu\u00a0\u00bb<\/em>\u00a0etc \u2026.Il y aurait tant \u00e0 dire \u2026\u2026<\/strong><\/p>\n<p>[\/et_pb_text][\/et_pb_column][et_pb_column type=\u00a0\u00bb1_2&Prime; _builder_version=\u00a0\u00bb4.27.4&Prime; _module_preset=\u00a0\u00bbdefault\u00a0\u00bb background_color=\u00a0\u00bbRGBA(255,255,255,0)\u00a0\u00bb background_image=\u00a0\u00bbhttp:\/\/carlito.saintlouismarie.fr\/carlito\/wp-content\/uploads\/2024\/11\/albani1_2.png\u00a0\u00bb filter_hue_rotate=\u00a0\u00bb12deg\u00a0\u00bb filter_saturate=\u00a0\u00bb77%\u00a0\u00bb filter_brightness=\u00a0\u00bb115%\u00a0\u00bb border_radii=\u00a0\u00bbon|12px|12px|12px|12px\u00a0\u00bb border_width_all=\u00a0\u00bb8px\u00a0\u00bb border_color_all=\u00a0\u00bb#FFFFFF\u00a0\u00bb global_colors_info=\u00a0\u00bb{}\u00a0\u00bb][et_pb_divider show_divider=\u00a0\u00bboff\u00a0\u00bb _builder_version=\u00a0\u00bb4.27.4&Prime; _module_preset=\u00a0\u00bbdefault\u00a0\u00bb min_height=\u00a0\u00bb73.8px\u00a0\u00bb custom_padding=\u00a0\u00bb||41px|||\u00a0\u00bb global_colors_info=\u00a0\u00bb{}\u00a0\u00bb][\/et_pb_divider][et_pb_text _builder_version=\u00a0\u00bb4.27.4&Prime; _module_preset=\u00a0\u00bbdefault\u00a0\u00bb text_font=\u00a0\u00bbTimes New Roman|800|||||||\u00a0\u00bb text_text_color=\u00a0\u00bb#E09900&Prime; text_font_size=\u00a0\u00bb38px\u00a0\u00bb global_colors_info=\u00a0\u00bb{}\u00a0\u00bb]<\/p>\n<p style=\"text-align: left; padding-left: 120px;\"><span style=\"color: #ff6600;\"><strong>\u00a0 EN TRAVAUX !<\/strong><\/span><\/p>\n<p>[\/et_pb_text][\/et_pb_column][\/et_pb_row][\/et_pb_section]<\/p>\n","protected":false},"excerpt":{"rendered":"<p>onglet BLOG\u00a0\u00a0LE PR\u00c9CURSEUR,\u00a0dans lequel je vous invite \u00e0 dialoguer avec nous. L\u2019Association Saint Louis-Marie, \u00e0 l\u2019image de son saint patron, veut \u00eatre une voix chr\u00e9tienne, libre et d\u00e9fendre la Foi catholique sans faille, envers et contre tous. l\u2019Association veut annoncer, la pl\u00e9nitude de l\u2019\u00c9vangile sans compromis coupable, avec respect, ni crainte quelconque, avec la libert\u00e9 [&hellip;]<\/p>\n","protected":false},"author":1,"featured_media":0,"parent":0,"menu_order":0,"comment_status":"closed","ping_status":"closed","template":"","meta":{"_et_pb_use_builder":"on","_et_pb_old_content":"","_et_gb_content_width":"","slim_seo":{"title":"BLOG - Association Saint Louis-Marie","description":"Un petit blog pour \u00e9changer sur l'Art et l'Actualit\u00e9 de l'Eglise et autre ...... pour entrer en dialogue avec les membres de l'Association Saint Louis-Marie"},"footnotes":""},"class_list":["post-109","page","type-page","status-publish","hentry"],"_links":{"self":[{"href":"http:\/\/carlito.saintlouismarie.fr\/carlito\/wp-json\/wp\/v2\/pages\/109","targetHints":{"allow":["GET"]}}],"collection":[{"href":"http:\/\/carlito.saintlouismarie.fr\/carlito\/wp-json\/wp\/v2\/pages"}],"about":[{"href":"http:\/\/carlito.saintlouismarie.fr\/carlito\/wp-json\/wp\/v2\/types\/page"}],"author":[{"embeddable":true,"href":"http:\/\/carlito.saintlouismarie.fr\/carlito\/wp-json\/wp\/v2\/users\/1"}],"replies":[{"embeddable":true,"href":"http:\/\/carlito.saintlouismarie.fr\/carlito\/wp-json\/wp\/v2\/comments?post=109"}],"version-history":[{"count":6,"href":"http:\/\/carlito.saintlouismarie.fr\/carlito\/wp-json\/wp\/v2\/pages\/109\/revisions"}],"predecessor-version":[{"id":125,"href":"http:\/\/carlito.saintlouismarie.fr\/carlito\/wp-json\/wp\/v2\/pages\/109\/revisions\/125"}],"wp:attachment":[{"href":"http:\/\/carlito.saintlouismarie.fr\/carlito\/wp-json\/wp\/v2\/media?parent=109"}],"curies":[{"name":"wp","href":"https:\/\/api.w.org\/{rel}","templated":true}]}}